{"id":1061,"date":"2019-05-31T10:13:32","date_gmt":"2019-05-31T10:13:32","guid":{"rendered":"http:\/\/pfi.ftmc.lt\/?page_id=1061"},"modified":"2019-05-31T10:14:33","modified_gmt":"2019-05-31T10:14:33","slug":"epitaksija","status":"publish","type":"page","link":"https:\/\/pfi.ftmc.lt\/?page_id=1061&lang=lt","title":{"rendered":"Epitaksija"},"content":{"rendered":"\n<p><code><div id=\"ccchildpages-1\" class=\"ccchildpages  simple ccclearfix\"><ul class=\"ccchildpages_list ccclearfix\"><li class=\"page_item page-item-575\"><a href=\"https:\/\/pfi.ftmc.lt\/?page_id=575&#038;lang=lt\">Molekulini\u0173 pluo\u0161teli\u0173 epitaksijos kambarys I<\/a><\/li>\n<li class=\"page_item page-item-583\"><a href=\"https:\/\/pfi.ftmc.lt\/?page_id=583&#038;lang=lt\">Molekulini\u0173 pluo\u0161teli\u0173 epitaksijos kambarys II<\/a><\/li><\/ul><\/div><\/code><\/p>\n","protected":false},"excerpt":{"rendered":"","protected":false},"author":2,"featured_media":0,"parent":80,"menu_order":0,"comment_status":"closed","ping_status":"closed","template":"","meta":{"footnotes":""},"class_list":["post-1061","page","type-page","status-publish","hentry"],"_links":{"self":[{"href":"https:\/\/pfi.ftmc.lt\/index.php?rest_route=\/wp\/v2\/pages\/1061","targetHints":{"allow":["GET"]}}],"collection":[{"href":"https:\/\/pfi.ftmc.lt\/index.php?rest_route=\/wp\/v2\/pages"}],"about":[{"href":"https:\/\/pfi.ftmc.lt\/index.php?rest_route=\/wp\/v2\/types\/page"}],"author":[{"embeddable":true,"href":"https:\/\/pfi.ftmc.lt\/index.php?rest_route=\/wp\/v2\/users\/2"}],"replies":[{"embeddable":true,"href":"https:\/\/pfi.ftmc.lt\/index.php?rest_route=%2Fwp%2Fv2%2Fcomments&post=1061"}],"version-history":[{"count":1,"href":"https:\/\/pfi.ftmc.lt\/index.php?rest_route=\/wp\/v2\/pages\/1061\/revisions"}],"predecessor-version":[{"id":1062,"href":"https:\/\/pfi.ftmc.lt\/index.php?rest_route=\/wp\/v2\/pages\/1061\/revisions\/1062"}],"up":[{"embeddable":true,"href":"https:\/\/pfi.ftmc.lt\/index.php?rest_route=\/wp\/v2\/pages\/80"}],"wp:attachment":[{"href":"https:\/\/pfi.ftmc.lt\/index.php?rest_route=%2Fwp%2Fv2%2Fmedia&parent=1061"}],"curies":[{"name":"wp","href":"https:\/\/api.w.org\/{rel}","templated":true}]}}