{"id":1072,"date":"2019-05-31T10:26:56","date_gmt":"2019-05-31T10:26:56","guid":{"rendered":"http:\/\/pfi.ftmc.lt\/?page_id=1072"},"modified":"2020-04-29T10:27:29","modified_gmt":"2020-04-29T10:27:29","slug":"kainynas","status":"publish","type":"page","link":"https:\/\/pfi.ftmc.lt\/?page_id=1072&lang=lt","title":{"rendered":"Kainynas"},"content":{"rendered":"\n<h2 class=\"wp-block-heading\"> <strong>Atviros prieigos centro \u201ePrototip\u0173 formavimas ir integravimas\u201d (APC PFI) paslaug\u0173 kainora\u0161tis<\/strong><\/h2>\n\n\n\n<p>\n\tVisa naudojimosi APC paslaugomis\nkaina susideda i\u0161 trij\u0173 komponen\u010di\u0173 sumos: a) m\u0117nesinis arba\nvienkartinis \u012f\u0117jimo mokestis, b) invididualus \u012frangos naudojimo\nmokestis (pagal \u012frangos kategorijas) ir c) personalo pagalbos arba\npaslaugos mokestis. Pastabos: 1) visos sumos be PVM, 2) skai\u010diuojamas\nindividualios \u012frangos naudojimo laikas,\no ne \u017emogaus darbo \u0161variose patalpose laikas. \u012evadiniai ir\nChemin\u0117s saugos mokymai prie\u0161 u\u017esakant paslaugas, kuri\u0173 met\u0173 APC\n\u012franga naudojasi ateinantis vartotojas, yra b\u016btini. \n<\/p>\n\n\n\n<p>\n<strong>M\u0117nesinis \u012f\u0117jimo\nmokestis*\t150 EUR\/m\u0117n.<\/strong><\/p>\n\n\n\n<p>\n*\nM\u0117nesin\u012f \u012f\u0117jimo mokest\u012f sudaro naudojimasis chemikalais i\u0161\nStandartini\u0173 chemikal\u0173 s\u0105ra\u0161o (\u017er. prid\u0117t\u0105 s\u0105ra\u0161\u0105),\nvienkartin\u0117 apranga ir 16 val. A kategorijos \u012frangos naudojimo (\u017er.\nprid\u0117t\u0105 s\u0105ra\u0161\u0105),. \n<\/p>\n\n\n\n<p>\n<strong>Vienkartinis \u012f\u0117jimo\nmokestis**\t35 EUR.<\/strong><\/p>\n\n\n\n<p>\n**\nVienkartin\u012f \u012f\u0117jimo mokest\u012f sudaro naudojimasis chemikalais i\u0161\nStandartini\u0173 chemikal\u0173 s\u0105ra\u0161o (\u017er. prid\u0117t\u0105 s\u0105ra\u0161\u0105),\nvienkartin\u0117 apranga ir 2 val. A kategorijos \u012frangos naudojimo (\u017er.\nprid\u0117t\u0105 s\u0105ra\u0161\u0105). \n<\/p>\n\n\n\n<p>\n<strong>Personalo pagalbos mokestis***\n<\/strong><strong>60\n<\/strong><strong>EUR\/h<\/strong><\/p>\n\n\n\n<p>\n***\nPersonalo pagalbos mokest\u012f sudaro: (1) vartotojo mokymai (A-E\nkategorijos \u012frangai), (2) APC PFI personalo pagalba atliekant\nprocesus, u\u017e kuri\u0173 atlikimo kokyb\u0119 APC personalas neatsako. 50%\nnuolaida taikoma bendriems moksliniams projektams, 25% nuolaida\ntaikoma vidiniams naudotojams.<\/p>\n\n\n\n<p>\n<strong>Personalo paslaugos\nmokestis**** <\/strong><strong>100\n<\/strong><strong>EUR\/h<\/strong><\/p>\n\n\n\n<p>\n****\nPersonalo paslaugos mokest\u012f sudaro APC PFI personalo paslauga\natliekant procesus, u\u017e kuri\u0173 rezultat\u0105 APC personalas atsako ir\nkuri\u0173 teigiamas rezultatas apibr\u0117\u017eiamas susitarimu. 50% nuolaida\ntaikoma bendriems moksliniams projektams, 25% nuolaida taikoma\nvidiniams naudotojams.<\/p>\n\n\n\n<p>\n<strong>\u012erangos naudojimo mokestis<\/strong><\/p>\n\n\n\n<p> \u012erangos naudojimo mokestis pagal kategorijas<\/p>\n\n\n\n<figure class=\"wp-block-image size-large is-resized\"><img loading=\"lazy\" decoding=\"async\" src=\"https:\/\/pfi.ftmc.lt\/wp-content\/uploads\/2020\/04\/lentele.png\" alt=\"\" class=\"wp-image-1200\" width=\"321\" height=\"157\" srcset=\"https:\/\/pfi.ftmc.lt\/wp-content\/uploads\/2020\/04\/lentele.png 641w, https:\/\/pfi.ftmc.lt\/wp-content\/uploads\/2020\/04\/lentele-300x147.png 300w, https:\/\/pfi.ftmc.lt\/wp-content\/uploads\/2020\/04\/lentele-250x122.png 250w, https:\/\/pfi.ftmc.lt\/wp-content\/uploads\/2020\/04\/lentele-550x269.png 550w, https:\/\/pfi.ftmc.lt\/wp-content\/uploads\/2020\/04\/lentele-367x180.png 367w, https:\/\/pfi.ftmc.lt\/wp-content\/uploads\/2020\/04\/lentele-612x300.png 612w\" sizes=\"auto, (max-width: 321px) 100vw, 321px\" \/><\/figure>\n\n\n\n<p>\n\u2020 50%\nnuolaida taikoma bendriems moksliniams projektams. 25% nuolaida\ntaikoma vidiniams naudotojams.<\/p>\n\n\n\n<p> \u012erangos s\u0105ra\u0161as<\/p>\n\n\n\n<figure class=\"wp-block-image size-large\"><img loading=\"lazy\" decoding=\"async\" width=\"452\" height=\"885\" src=\"https:\/\/pfi.ftmc.lt\/wp-content\/uploads\/2020\/04\/kentele2.png\" alt=\"\" class=\"wp-image-1204\" srcset=\"https:\/\/pfi.ftmc.lt\/wp-content\/uploads\/2020\/04\/kentele2.png 452w, https:\/\/pfi.ftmc.lt\/wp-content\/uploads\/2020\/04\/kentele2-153x300.png 153w, https:\/\/pfi.ftmc.lt\/wp-content\/uploads\/2020\/04\/kentele2-250x489.png 250w, https:\/\/pfi.ftmc.lt\/wp-content\/uploads\/2020\/04\/kentele2-92x180.png 92w, https:\/\/pfi.ftmc.lt\/wp-content\/uploads\/2020\/04\/kentele2-255x500.png 255w\" sizes=\"auto, (max-width: 452px) 100vw, 452px\" \/><\/figure>\n\n\n\n<p>Standartini\u0173 chemikal\u0173 \u012ftraukt\u0173 \u012f m\u0117nesin\u012f \u012f\u0117jimo mokest\u012f s\u0105ra\u0161as<\/p>\n\n\n\n<figure class=\"wp-block-image size-large\"><img loading=\"lazy\" decoding=\"async\" width=\"492\" height=\"321\" src=\"https:\/\/pfi.ftmc.lt\/wp-content\/uploads\/2020\/04\/kentele3.png\" alt=\"\" class=\"wp-image-1206\" srcset=\"https:\/\/pfi.ftmc.lt\/wp-content\/uploads\/2020\/04\/kentele3.png 492w, https:\/\/pfi.ftmc.lt\/wp-content\/uploads\/2020\/04\/kentele3-300x196.png 300w, https:\/\/pfi.ftmc.lt\/wp-content\/uploads\/2020\/04\/kentele3-250x163.png 250w, https:\/\/pfi.ftmc.lt\/wp-content\/uploads\/2020\/04\/kentele3-276x180.png 276w, https:\/\/pfi.ftmc.lt\/wp-content\/uploads\/2020\/04\/kentele3-460x300.png 460w\" sizes=\"auto, (max-width: 492px) 100vw, 492px\" \/><\/figure>\n\n\n\n<p>Norint detaliau su\u017einoti apie teikiamas paslaugas ar u\u017esakyti konre\u010di\u0105 paslaug\u0105 pra\u0161ome u\u017epildyti \u0161i\u0105 <a href=\"http:\/\/pfi.ftmc.lt\/?page_id=877&amp;lang=lt\">form\u0105<\/a>.<\/p>\n","protected":false},"excerpt":{"rendered":"<p>Atviros prieigos centro \u201ePrototip\u0173 formavimas ir integravimas\u201d (APC PFI) paslaug\u0173 kainora\u0161tis Visa naudojimosi APC paslaugomis kaina susideda i\u0161 trij\u0173 komponen\u010di\u0173 sumos: a) m\u0117nesinis arba vienkartinis \u012f\u0117jimo mokestis, b) invididualus \u012frangos naudojimo mokestis (pagal \u012frangos kategorijas) ir c) personalo pagalbos arba paslaugos mokestis. Pastabos: 1) visos sumos be PVM, 2) skai\u010diuojamas individualios \u012frangos naudojimo laikas, o&hellip;<\/p>\n<p class=\"more-link-wrapper\"><a class=\"more-link\" href=\"https:\/\/pfi.ftmc.lt\/?page_id=1072&#038;lang=lt\">Continue<\/a><\/p>\n","protected":false},"author":2,"featured_media":0,"parent":0,"menu_order":0,"comment_status":"closed","ping_status":"closed","template":"page-templates\/template-fullwidth.php","meta":{"footnotes":""},"class_list":["post-1072","page","type-page","status-publish","hentry"],"_links":{"self":[{"href":"https:\/\/pfi.ftmc.lt\/index.php?rest_route=\/wp\/v2\/pages\/1072","targetHints":{"allow":["GET"]}}],"collection":[{"href":"https:\/\/pfi.ftmc.lt\/index.php?rest_route=\/wp\/v2\/pages"}],"about":[{"href":"https:\/\/pfi.ftmc.lt\/index.php?rest_route=\/wp\/v2\/types\/page"}],"author":[{"embeddable":true,"href":"https:\/\/pfi.ftmc.lt\/index.php?rest_route=\/wp\/v2\/users\/2"}],"replies":[{"embeddable":true,"href":"https:\/\/pfi.ftmc.lt\/index.php?rest_route=%2Fwp%2Fv2%2Fcomments&post=1072"}],"version-history":[{"count":10,"href":"https:\/\/pfi.ftmc.lt\/index.php?rest_route=\/wp\/v2\/pages\/1072\/revisions"}],"predecessor-version":[{"id":1207,"href":"https:\/\/pfi.ftmc.lt\/index.php?rest_route=\/wp\/v2\/pages\/1072\/revisions\/1207"}],"wp:attachment":[{"href":"https:\/\/pfi.ftmc.lt\/index.php?rest_route=%2Fwp%2Fv2%2Fmedia&parent=1072"}],"curies":[{"name":"wp","href":"https:\/\/api.w.org\/{rel}","templated":true}]}}