{"id":1188,"date":"2019-11-19T10:27:39","date_gmt":"2019-11-19T10:27:39","guid":{"rendered":"http:\/\/pfi.ftmc.lt\/?page_id=1188"},"modified":"2023-11-12T10:57:13","modified_gmt":"2023-11-12T10:57:13","slug":"vartotojams-2","status":"publish","type":"page","link":"https:\/\/pfi.ftmc.lt\/?page_id=1188&lang=lt","title":{"rendered":"U\u017era\u0161in\u0117"},"content":{"rendered":"<p><code>\t\t<meta http-equiv=\"refresh\" content=\"0; url=https:\/\/note.ftmc.lt\/notebook\/\">\r\n\t\tPlease wait while you are redirected...or <a href=\"https:\/\/note.ftmc.lt\/notebook\/\">Click Here<\/a> if you do not want to wait.\r\n<\/code><\/p>\n","protected":false},"excerpt":{"rendered":"","protected":false},"author":2,"featured_media":0,"parent":0,"menu_order":0,"comment_status":"closed","ping_status":"closed","template":"page-templates\/template-fullwidth.php","meta":{"footnotes":""},"class_list":["post-1188","page","type-page","status-publish","hentry"],"_links":{"self":[{"href":"https:\/\/pfi.ftmc.lt\/index.php?rest_route=\/wp\/v2\/pages\/1188","targetHints":{"allow":["GET"]}}],"collection":[{"href":"https:\/\/pfi.ftmc.lt\/index.php?rest_route=\/wp\/v2\/pages"}],"about":[{"href":"https:\/\/pfi.ftmc.lt\/index.php?rest_route=\/wp\/v2\/types\/page"}],"author":[{"embeddable":true,"href":"https:\/\/pfi.ftmc.lt\/index.php?rest_route=\/wp\/v2\/users\/2"}],"replies":[{"embeddable":true,"href":"https:\/\/pfi.ftmc.lt\/index.php?rest_route=%2Fwp%2Fv2%2Fcomments&post=1188"}],"version-history":[{"count":2,"href":"https:\/\/pfi.ftmc.lt\/index.php?rest_route=\/wp\/v2\/pages\/1188\/revisions"}],"predecessor-version":[{"id":1275,"href":"https:\/\/pfi.ftmc.lt\/index.php?rest_route=\/wp\/v2\/pages\/1188\/revisions\/1275"}],"wp:attachment":[{"href":"https:\/\/pfi.ftmc.lt\/index.php?rest_route=%2Fwp%2Fv2%2Fmedia&parent=1188"}],"curies":[{"name":"wp","href":"https:\/\/api.w.org\/{rel}","templated":true}]}}