{"id":336,"date":"2016-05-12T13:10:58","date_gmt":"2016-05-12T13:10:58","guid":{"rendered":"http:\/\/pfi.ftmc.lt\/?page_id=336"},"modified":"2019-05-31T10:44:15","modified_gmt":"2019-05-31T10:44:15","slug":"elektrochemijos-boksas","status":"publish","type":"page","link":"https:\/\/pfi.ftmc.lt\/?page_id=336&lang=lt","title":{"rendered":"Elektrochemini\u0173 proces\u0173 laboratorija"},"content":{"rendered":"\n<p><strong>Paskirtis:<\/strong> Elektrochemijos boksas skirtas strukt\u016br\u0173 kristalinio ir multikristalinio Si, bei A(III)B(V) puslaidininkini\u0173 med\u017eiag\u0173 pavir\u0161iuje formuoti elektrocheminio \u0117sdinimo metodika. Naudojant elektrocheminio nusodinimo metodika formuojami metal\u0173 sluoksniai ant puslaidininkini\u0173 ir elektrai laid\u017ei\u0173 pad\u0117kl\u0173.<\/p>\n\n\n\n<p><strong>Elektrochemijos boks\u0105 sudaro:<\/strong><\/p>\n\n\n\n<p>1. Traukos spinta Merci;<\/p>\n\n\n\n<p>2. P<span lang=\"lt-LT\">rogramuojamas potenciostatas \/ galvanostatas <\/span><span lang=\"lt-LT\">Autolab PGSTAT302N <\/span><span lang=\"lt-LT\">(U &lt; 30V, I= 10nA \u00f7 1A, I= \u00b1 0.2%);<\/span><\/p>\n\n\n\n<p><span lang=\"lt-LT\">3. Programuojamas nuolatin\u0117s srov\u0117s \u0161altinis <\/span><span lang=\"lt-LT\">Keysight E36106A<\/span><span lang=\"lt-LT\"> (U &lt; 100V, I&lt; 0.4A, I= \u00b1 0.05%).<\/span><\/p>\n\n\n\n<p>Elektrochemijos proces\u0173 metu bandiniai gali b\u016bti ap\u0161vie\u010diami skirtingo bangos ilgio ir intensyvumo \u0161viesa tiek i\u0161 vir\u0161utin\u0117s tiek i\u0161 apatin\u0117s pus\u0117s. Proceso metu palaikoma pastovi temperat\u016bra ir \u0117sdiklis gali b\u016bti purtomas ultragarsu.<\/p>\n\n\n\n<p><strong>Darb\u0173 pavyzd\u017eiai:<\/strong><\/p>\n\n\n\n<ul class=\"wp-block-gallery columns-5 is-cropped wp-block-gallery-1 is-layout-flex wp-block-gallery-is-layout-flex\"><li class=\"blocks-gallery-item\"><figure><img loading=\"lazy\" decoding=\"async\" width=\"607\" height=\"494\" src=\"https:\/\/pfi.ftmc.lt\/wp-content\/uploads\/2016\/05\/3.jpg\" alt=\"\" data-id=\"365\" class=\"wp-image-365\" srcset=\"https:\/\/pfi.ftmc.lt\/wp-content\/uploads\/2016\/05\/3.jpg 607w, https:\/\/pfi.ftmc.lt\/wp-content\/uploads\/2016\/05\/3-300x244.jpg 300w, https:\/\/pfi.ftmc.lt\/wp-content\/uploads\/2016\/05\/3-250x203.jpg 250w, https:\/\/pfi.ftmc.lt\/wp-content\/uploads\/2016\/05\/3-550x448.jpg 550w, https:\/\/pfi.ftmc.lt\/wp-content\/uploads\/2016\/05\/3-221x180.jpg 221w, https:\/\/pfi.ftmc.lt\/wp-content\/uploads\/2016\/05\/3-369x300.jpg 369w\" sizes=\"auto, (max-width: 607px) 100vw, 607px\" \/><\/figure><\/li><li class=\"blocks-gallery-item\"><figure><img loading=\"lazy\" decoding=\"async\" width=\"624\" height=\"468\" src=\"https:\/\/pfi.ftmc.lt\/wp-content\/uploads\/2016\/05\/2.png\" alt=\"\" data-id=\"364\" class=\"wp-image-364\" srcset=\"https:\/\/pfi.ftmc.lt\/wp-content\/uploads\/2016\/05\/2.png 624w, https:\/\/pfi.ftmc.lt\/wp-content\/uploads\/2016\/05\/2-300x225.png 300w, https:\/\/pfi.ftmc.lt\/wp-content\/uploads\/2016\/05\/2-250x188.png 250w, https:\/\/pfi.ftmc.lt\/wp-content\/uploads\/2016\/05\/2-550x413.png 550w, https:\/\/pfi.ftmc.lt\/wp-content\/uploads\/2016\/05\/2-240x180.png 240w, https:\/\/pfi.ftmc.lt\/wp-content\/uploads\/2016\/05\/2-400x300.png 400w\" sizes=\"auto, (max-width: 624px) 100vw, 624px\" \/><\/figure><\/li><li class=\"blocks-gallery-item\"><figure><img loading=\"lazy\" decoding=\"async\" width=\"607\" height=\"454\" src=\"https:\/\/pfi.ftmc.lt\/wp-content\/uploads\/2016\/05\/1.png\" alt=\"\" data-id=\"363\" class=\"wp-image-363\" srcset=\"https:\/\/pfi.ftmc.lt\/wp-content\/uploads\/2016\/05\/1.png 607w, https:\/\/pfi.ftmc.lt\/wp-content\/uploads\/2016\/05\/1-300x224.png 300w, https:\/\/pfi.ftmc.lt\/wp-content\/uploads\/2016\/05\/1-250x187.png 250w, https:\/\/pfi.ftmc.lt\/wp-content\/uploads\/2016\/05\/1-550x411.png 550w, https:\/\/pfi.ftmc.lt\/wp-content\/uploads\/2016\/05\/1-241x180.png 241w, https:\/\/pfi.ftmc.lt\/wp-content\/uploads\/2016\/05\/1-401x300.png 401w\" sizes=\"auto, (max-width: 607px) 100vw, 607px\" \/><\/figure><\/li><\/ul>\n","protected":false},"excerpt":{"rendered":"<p>Paskirtis: Elektrochemijos boksas skirtas strukt\u016br\u0173 kristalinio ir multikristalinio Si, bei A(III)B(V) puslaidininkini\u0173 med\u017eiag\u0173 pavir\u0161iuje formuoti elektrocheminio \u0117sdinimo metodika. Naudojant elektrocheminio nusodinimo metodika formuojami metal\u0173 sluoksniai ant puslaidininkini\u0173 ir elektrai laid\u017ei\u0173 pad\u0117kl\u0173. Elektrochemijos boks\u0105 sudaro: 1. Traukos spinta Merci; 2. Programuojamas potenciostatas \/ galvanostatas Autolab PGSTAT302N (U &lt; 30V, I= 10nA \u00f7 1A, I= \u00b1 0.2%);&hellip;<\/p>\n<p class=\"more-link-wrapper\"><a class=\"more-link\" href=\"https:\/\/pfi.ftmc.lt\/?page_id=336&#038;lang=lt\">Continue<\/a><\/p>\n","protected":false},"author":2,"featured_media":0,"parent":1065,"menu_order":0,"comment_status":"closed","ping_status":"closed","template":"page-templates\/template-fullwidth.php","meta":{"footnotes":""},"class_list":["post-336","page","type-page","status-publish","hentry"],"_links":{"self":[{"href":"https:\/\/pfi.ftmc.lt\/index.php?rest_route=\/wp\/v2\/pages\/336","targetHints":{"allow":["GET"]}}],"collection":[{"href":"https:\/\/pfi.ftmc.lt\/index.php?rest_route=\/wp\/v2\/pages"}],"about":[{"href":"https:\/\/pfi.ftmc.lt\/index.php?rest_route=\/wp\/v2\/types\/page"}],"author":[{"embeddable":true,"href":"https:\/\/pfi.ftmc.lt\/index.php?rest_route=\/wp\/v2\/users\/2"}],"replies":[{"embeddable":true,"href":"https:\/\/pfi.ftmc.lt\/index.php?rest_route=%2Fwp%2Fv2%2Fcomments&post=336"}],"version-history":[{"count":10,"href":"https:\/\/pfi.ftmc.lt\/index.php?rest_route=\/wp\/v2\/pages\/336\/revisions"}],"predecessor-version":[{"id":1095,"href":"https:\/\/pfi.ftmc.lt\/index.php?rest_route=\/wp\/v2\/pages\/336\/revisions\/1095"}],"up":[{"embeddable":true,"href":"https:\/\/pfi.ftmc.lt\/index.php?rest_route=\/wp\/v2\/pages\/1065"}],"wp:attachment":[{"href":"https:\/\/pfi.ftmc.lt\/index.php?rest_route=%2Fwp%2Fv2%2Fmedia&parent=336"}],"curies":[{"name":"wp","href":"https:\/\/api.w.org\/{rel}","templated":true}]}}