{"id":338,"date":"2016-05-12T13:14:37","date_gmt":"2016-05-12T13:14:37","guid":{"rendered":"http:\/\/pfi.ftmc.lt\/?page_id=338"},"modified":"2019-05-31T10:42:43","modified_gmt":"2019-05-31T10:42:43","slug":"optines-litografijos-kambarys","status":"publish","type":"page","link":"https:\/\/pfi.ftmc.lt\/?page_id=338&lang=lt","title":{"rendered":"Litografija"},"content":{"rendered":"\n<p>&nbsp;&nbsp;&nbsp;&nbsp; Optin\u0117s litografijos kambarys skirtas visoms litografijos proced\u016broms (bandini\u0173 valymo, fotorezisto u\u017ene\u0161imo, foto\u0161ablon\u0173 gamybos, sutapatinimo, rezisto nu\u0117mimo) atlikti nei\u0161einant i\u0161 \u0161varios (ISO5 klas\u0117s) patalpos.<\/p>\n\n\n\n<p><strong>Optin\u0117s litografijos kambarys:<\/strong><\/p>\n\n\n\n<p>1. Traukos spinta ARIAS:<\/p>\n\n\n\n<ul class=\"wp-block-list\"><li>\n<p lang=\"lt-LT\" align=\"justify\">Laminarinio srauto spinta;<\/p>\n<\/li><li>\n<p lang=\"lt-LT\" align=\"justify\">Dejonizuoto vandens ir azoto purk\u0161tukai;<\/p>\n<\/li><li>\n<p lang=\"lt-LT\" align=\"justify\">Kontroliuojamos temperat\u016bros \u0117sdinimo vonia;<\/p>\n<\/li><li>\n<p lang=\"lt-LT\" align=\"justify\">Kontroliojamos temperat\u016bros ir da\u017enio ultragarso vonia ir plovimo vonia;<\/p>\n<\/li><li>\n<p lang=\"lt-LT\" align=\"justify\">PRIMUS STT15 dengimo fotorezistu centrif\u016bga.<\/p>\n<\/li><\/ul>\n\n\n\n<p>2. Lazerin\u0117 be\u0161ablon\u0117 litografija Heidelberg <span lang=\"lt-LT\">instruments DWL 66+:<\/span><\/p>\n\n\n\n<ul class=\"wp-block-list\"><li>\n<p lang=\"lt-LT\" align=\"justify\"><span lang=\"lt-LT\">Lazerin\u0117 litografija 350 mW, nuolatinis lazeris;<\/span><\/p>\n<\/li><li>\n<p lang=\"lt-LT\" align=\"justify\"><span lang=\"lt-LT\">405 nm bangos ilgis;<\/span><\/p>\n<\/li><li>\n<p lang=\"lt-LT\" align=\"justify\"><span lang=\"lt-LT\">Darbinis laukas 200&#215;200 mm;<\/span><\/p>\n<\/li><li>\n<p lang=\"lt-LT\" align=\"justify\"><span lang=\"lt-LT\">Did\u017eiausia rezoliucija 600nm (ra\u0161ymo greitis-6 mm<\/span><span lang=\"lt-LT\">2<\/span><span lang=\"lt-LT\">\/min);<\/span><\/p>\n<\/li><li>\n<p lang=\"lt-LT\" align=\"justify\"><span lang=\"lt-LT\">2\u03bcm rezoliucija \u2013 140 mm<\/span><span lang=\"lt-LT\">2<\/span><span lang=\"lt-LT\">\/min;<\/span><\/p>\n<\/li><li>\n<p lang=\"lt-LT\" align=\"justify\"><span lang=\"lt-LT\">Rastrinis ir vektorinis re\u017eimai (vektorinio re\u017eimo rezoliucija &gt;2\u03bcm);<\/span><\/p>\n<\/li><li>\n<p lang=\"lt-LT\" align=\"justify\"><span lang=\"lt-LT\">Ma\u017eiausi bandiniai 1&#215;1 cm<\/span><span lang=\"lt-LT\">2;<\/span><\/p>\n<\/li><li>\n<p lang=\"lt-LT\" align=\"justify\"><span lang=\"lt-LT\">Dvipusis sutapatinimas (tik 10x10cm<\/span><span lang=\"lt-LT\">2<\/span><span lang=\"lt-LT\"> bandiniams).<\/span><\/p>\n<\/li><\/ul>\n\n\n\n<p><span lang=\"lt-LT\">3. Optinis mikroskopas Carl Zeiss Axioscope A1;<\/span><\/p>\n\n\n\n<ul class=\"wp-block-list\"><li>\n<p lang=\"lt-LT\" align=\"justify\">Didinimas iki 1600x;<\/p>\n<\/li><li>\n<p lang=\"lt-LT\" align=\"justify\"><span lang=\"lt-LT\">Su CCD kamera;<\/span><\/p>\n<\/li><li>\n<p lang=\"lt-LT\" align=\"justify\"><span lang=\"lt-LT\">Tamsaus\/ \u0161viesaus lauko ir poliarizacinis re\u017eimai;<\/span><\/p>\n<\/li><li>\n<p lang=\"lt-LT\" align=\"justify\"><span lang=\"lt-LT\">Atspind\u017eio ir praeinan\u010dio \u0161viesos mikroskopavimas.<\/span><\/p>\n<\/li><\/ul>\n\n\n\n<p>4. Sutapatinimo \u012frenginys Karl Suss MJB3:<\/p>\n\n\n\n<ul class=\"wp-block-list\"><li>\n<p lang=\"lt-LT\" align=\"justify\">Pad\u0117klams iki 75mm skersmens;<\/p>\n<\/li><li>\n<p lang=\"lt-LT\" align=\"justify\">Did\u017eiausia rezoliucija &gt;2\u03bcm.<\/p>\n<\/li><\/ul>\n\n\n\n<p><span lang=\"lt-LT\">5. Fotorezisto u\u017ene\u0161imo \u012franginys OPTIspin ST 22;<\/span><\/p>\n\n\n\n<ul class=\"wp-block-list\"><li>\n<p lang=\"lt-LT\" align=\"justify\">Pad\u0117klams iki 200 mm skersmens arba 150x150mm;Apsisukimai iki 10000 rpm;<\/p>\n<\/li><li>\n<p lang=\"lt-LT\" align=\"justify\">Robotizuota ranka su fotorezisto skleid\u0117ju;<\/p>\n<\/li><li>\n<p lang=\"lt-LT\" align=\"justify\">Integruota kaitinimo plytel\u0117.<\/p>\n<\/li><\/ul>\n\n\n\n<p><strong>&nbsp;<\/strong>Darb\u0173 pavyzd\u017eiai:<\/p>\n\n\n\n<ul class=\"wp-block-gallery columns-5 is-cropped wp-block-gallery-1 is-layout-flex wp-block-gallery-is-layout-flex\"><li class=\"blocks-gallery-item\"><figure><img loading=\"lazy\" decoding=\"async\" width=\"1292\" height=\"968\" src=\"https:\/\/pfi.ftmc.lt\/wp-content\/uploads\/2016\/05\/image001.jpg\" alt=\"\" data-id=\"386\" class=\"wp-image-386\" srcset=\"https:\/\/pfi.ftmc.lt\/wp-content\/uploads\/2016\/05\/image001.jpg 1292w, https:\/\/pfi.ftmc.lt\/wp-content\/uploads\/2016\/05\/image001-300x225.jpg 300w, https:\/\/pfi.ftmc.lt\/wp-content\/uploads\/2016\/05\/image001-1024x767.jpg 1024w, https:\/\/pfi.ftmc.lt\/wp-content\/uploads\/2016\/05\/image001-250x187.jpg 250w, https:\/\/pfi.ftmc.lt\/wp-content\/uploads\/2016\/05\/image001-550x412.jpg 550w, https:\/\/pfi.ftmc.lt\/wp-content\/uploads\/2016\/05\/image001-800x599.jpg 800w, https:\/\/pfi.ftmc.lt\/wp-content\/uploads\/2016\/05\/image001-240x180.jpg 240w, https:\/\/pfi.ftmc.lt\/wp-content\/uploads\/2016\/05\/image001-400x300.jpg 400w, https:\/\/pfi.ftmc.lt\/wp-content\/uploads\/2016\/05\/image001-667x500.jpg 667w\" sizes=\"auto, (max-width: 1292px) 100vw, 1292px\" \/><\/figure><\/li><li class=\"blocks-gallery-item\"><figure><img loading=\"lazy\" decoding=\"async\" width=\"1292\" height=\"968\" src=\"https:\/\/pfi.ftmc.lt\/wp-content\/uploads\/2016\/05\/image003.jpg\" alt=\"\" data-id=\"387\" class=\"wp-image-387\" srcset=\"https:\/\/pfi.ftmc.lt\/wp-content\/uploads\/2016\/05\/image003.jpg 1292w, https:\/\/pfi.ftmc.lt\/wp-content\/uploads\/2016\/05\/image003-300x225.jpg 300w, https:\/\/pfi.ftmc.lt\/wp-content\/uploads\/2016\/05\/image003-1024x767.jpg 1024w, https:\/\/pfi.ftmc.lt\/wp-content\/uploads\/2016\/05\/image003-250x187.jpg 250w, https:\/\/pfi.ftmc.lt\/wp-content\/uploads\/2016\/05\/image003-550x412.jpg 550w, https:\/\/pfi.ftmc.lt\/wp-content\/uploads\/2016\/05\/image003-800x599.jpg 800w, https:\/\/pfi.ftmc.lt\/wp-content\/uploads\/2016\/05\/image003-240x180.jpg 240w, https:\/\/pfi.ftmc.lt\/wp-content\/uploads\/2016\/05\/image003-400x300.jpg 400w, https:\/\/pfi.ftmc.lt\/wp-content\/uploads\/2016\/05\/image003-667x500.jpg 667w\" sizes=\"auto, (max-width: 1292px) 100vw, 1292px\" \/><\/figure><\/li><li class=\"blocks-gallery-item\"><figure><img loading=\"lazy\" decoding=\"async\" width=\"1248\" height=\"872\" src=\"https:\/\/pfi.ftmc.lt\/wp-content\/uploads\/2016\/05\/image005.jpg\" alt=\"\" data-id=\"388\" class=\"wp-image-388\" srcset=\"https:\/\/pfi.ftmc.lt\/wp-content\/uploads\/2016\/05\/image005.jpg 1248w, https:\/\/pfi.ftmc.lt\/wp-content\/uploads\/2016\/05\/image005-300x210.jpg 300w, https:\/\/pfi.ftmc.lt\/wp-content\/uploads\/2016\/05\/image005-1024x715.jpg 1024w, https:\/\/pfi.ftmc.lt\/wp-content\/uploads\/2016\/05\/image005-250x175.jpg 250w, https:\/\/pfi.ftmc.lt\/wp-content\/uploads\/2016\/05\/image005-550x384.jpg 550w, https:\/\/pfi.ftmc.lt\/wp-content\/uploads\/2016\/05\/image005-800x559.jpg 800w, https:\/\/pfi.ftmc.lt\/wp-content\/uploads\/2016\/05\/image005-258x180.jpg 258w, https:\/\/pfi.ftmc.lt\/wp-content\/uploads\/2016\/05\/image005-429x300.jpg 429w, https:\/\/pfi.ftmc.lt\/wp-content\/uploads\/2016\/05\/image005-716x500.jpg 716w\" sizes=\"auto, (max-width: 1248px) 100vw, 1248px\" \/><\/figure><\/li><li class=\"blocks-gallery-item\"><figure><img loading=\"lazy\" decoding=\"async\" width=\"2584\" height=\"1936\" src=\"https:\/\/pfi.ftmc.lt\/wp-content\/uploads\/2016\/05\/image007.jpg\" alt=\"\" data-id=\"389\" class=\"wp-image-389\" srcset=\"https:\/\/pfi.ftmc.lt\/wp-content\/uploads\/2016\/05\/image007.jpg 2584w, https:\/\/pfi.ftmc.lt\/wp-content\/uploads\/2016\/05\/image007-300x225.jpg 300w, https:\/\/pfi.ftmc.lt\/wp-content\/uploads\/2016\/05\/image007-1024x767.jpg 1024w, https:\/\/pfi.ftmc.lt\/wp-content\/uploads\/2016\/05\/image007-250x187.jpg 250w, https:\/\/pfi.ftmc.lt\/wp-content\/uploads\/2016\/05\/image007-550x412.jpg 550w, https:\/\/pfi.ftmc.lt\/wp-content\/uploads\/2016\/05\/image007-800x599.jpg 800w, https:\/\/pfi.ftmc.lt\/wp-content\/uploads\/2016\/05\/image007-240x180.jpg 240w, https:\/\/pfi.ftmc.lt\/wp-content\/uploads\/2016\/05\/image007-400x300.jpg 400w, https:\/\/pfi.ftmc.lt\/wp-content\/uploads\/2016\/05\/image007-667x500.jpg 667w\" sizes=\"auto, (max-width: 2584px) 100vw, 2584px\" \/><\/figure><\/li><\/ul>\n","protected":false},"excerpt":{"rendered":"<p>&nbsp;&nbsp;&nbsp;&nbsp; Optin\u0117s litografijos kambarys skirtas visoms litografijos proced\u016broms (bandini\u0173 valymo, fotorezisto u\u017ene\u0161imo, foto\u0161ablon\u0173 gamybos, sutapatinimo, rezisto nu\u0117mimo) atlikti nei\u0161einant i\u0161 \u0161varios (ISO5 klas\u0117s) patalpos. Optin\u0117s litografijos kambarys: 1. Traukos spinta ARIAS: Laminarinio srauto spinta; Dejonizuoto vandens ir azoto purk\u0161tukai; Kontroliuojamos temperat\u016bros \u0117sdinimo vonia; Kontroliojamos temperat\u016bros ir da\u017enio ultragarso vonia ir plovimo vonia; PRIMUS STT15 dengimo&hellip;<\/p>\n<p class=\"more-link-wrapper\"><a class=\"more-link\" href=\"https:\/\/pfi.ftmc.lt\/?page_id=338&#038;lang=lt\">Continue<\/a><\/p>\n","protected":false},"author":2,"featured_media":0,"parent":80,"menu_order":0,"comment_status":"closed","ping_status":"closed","template":"page-templates\/template-fullwidth.php","meta":{"footnotes":""},"class_list":["post-338","page","type-page","status-publish","hentry"],"_links":{"self":[{"href":"https:\/\/pfi.ftmc.lt\/index.php?rest_route=\/wp\/v2\/pages\/338","targetHints":{"allow":["GET"]}}],"collection":[{"href":"https:\/\/pfi.ftmc.lt\/index.php?rest_route=\/wp\/v2\/pages"}],"about":[{"href":"https:\/\/pfi.ftmc.lt\/index.php?rest_route=\/wp\/v2\/types\/page"}],"author":[{"embeddable":true,"href":"https:\/\/pfi.ftmc.lt\/index.php?rest_route=\/wp\/v2\/users\/2"}],"replies":[{"embeddable":true,"href":"https:\/\/pfi.ftmc.lt\/index.php?rest_route=%2Fwp%2Fv2%2Fcomments&post=338"}],"version-history":[{"count":20,"href":"https:\/\/pfi.ftmc.lt\/index.php?rest_route=\/wp\/v2\/pages\/338\/revisions"}],"predecessor-version":[{"id":1097,"href":"https:\/\/pfi.ftmc.lt\/index.php?rest_route=\/wp\/v2\/pages\/338\/revisions\/1097"}],"up":[{"embeddable":true,"href":"https:\/\/pfi.ftmc.lt\/index.php?rest_route=\/wp\/v2\/pages\/80"}],"wp:attachment":[{"href":"https:\/\/pfi.ftmc.lt\/index.php?rest_route=%2Fwp%2Fv2%2Fmedia&parent=338"}],"curies":[{"name":"wp","href":"https:\/\/api.w.org\/{rel}","templated":true}]}}