{"id":343,"date":"2016-05-12T13:16:53","date_gmt":"2016-05-12T13:16:53","guid":{"rendered":"http:\/\/pfi.ftmc.lt\/?page_id=343"},"modified":"2019-05-31T10:40:59","modified_gmt":"2019-05-31T10:40:59","slug":"skenuojancio-zondo-mikroskopas","status":"publish","type":"page","link":"https:\/\/pfi.ftmc.lt\/?page_id=343&lang=lt","title":{"rendered":"Skenuojan\u010dio zondo mikroskopas"},"content":{"rendered":"\n<p>SPM paskirtis:<\/p>\n\n\n\n<p>1) Matuoti \u012fvairi\u0173 pavir\u0161i\u0173 3D topografij\u0105 ir nustatyti pavir\u0161iaus mechanini\u0173, elektrini\u0173 bei magnetini\u0173 savybi\u0173 pasiskirstym\u0105 nanometriniu tikslumu.<\/p>\n\n\n\n<p>2) Manipuliuoti nanoobjektais pavir\u0161iuje.<\/p>\n\n\n\n<p>3) Tirti lokal\u0173 elektrinio lauko ir\/arba mechaninio spaudimo poveik\u012f pavir\u0161iui.<\/p>\n\n\n\n<p>4) Atlikti \u012fvairios prigimties j\u0117g\u0173 (pvz. tarpmolekulini\u0173 ry\u0161i\u0173) spektroskopij\u0105.<\/p>\n\n\n\n<p>Matavimai atliekami ore arba skystyje, kambario temperat\u016broje.<\/p>\n\n\n\n<p>Matuojami dyd\u017eiai: 3D pavir\u0161iaus topografija, elektrini\u0173 kr\u016bvi\u0173 pasiskirstymas pavir\u0161iuje, elektron\u0173 i\u0161laisvinimo darbas, elektrinio potencialo pasiskirstymas veikian\u010diame prietaise\/prototipe, magnetini\u0173 domen\u0173 pasiskirstymas ir orientacija, Jungo modulis, tarpmolekulini\u0173 j\u0117g\u0173 dyd\u017eiai, adhezijos j\u0117gos, sluoksni\u0173 storiai.<\/p>\n\n\n\n<p>Reikalavimai bandiniams: maksimal\u016bs bandinio matmenys &#8211; auk\u0161tis iki 1 cm, skersmuo iki 20 cm; maksimalus skenuojamos plotas 90&#215;90 \u00b5m<sup>2<\/sup>, Z auk\u0161tis (nelygumai pavir\u0161iuje) \u2013 6.5 \u00b5m.<\/p>\n\n\n\n<figure class=\"wp-block-image\"><img loading=\"lazy\" decoding=\"async\" width=\"300\" height=\"225\" src=\"http:\/\/pfi.ftmc.lt\/wp-content\/uploads\/2016\/05\/P4149086-300x225.jpg\" alt=\"OLYMPUS DIGITAL CAMERA\" class=\"wp-image-469\" srcset=\"https:\/\/pfi.ftmc.lt\/wp-content\/uploads\/2016\/05\/P4149086-300x225.jpg 300w, https:\/\/pfi.ftmc.lt\/wp-content\/uploads\/2016\/05\/P4149086-1024x768.jpg 1024w, https:\/\/pfi.ftmc.lt\/wp-content\/uploads\/2016\/05\/P4149086-250x188.jpg 250w, https:\/\/pfi.ftmc.lt\/wp-content\/uploads\/2016\/05\/P4149086-550x413.jpg 550w, https:\/\/pfi.ftmc.lt\/wp-content\/uploads\/2016\/05\/P4149086-800x600.jpg 800w, https:\/\/pfi.ftmc.lt\/wp-content\/uploads\/2016\/05\/P4149086-240x180.jpg 240w, https:\/\/pfi.ftmc.lt\/wp-content\/uploads\/2016\/05\/P4149086-400x300.jpg 400w, https:\/\/pfi.ftmc.lt\/wp-content\/uploads\/2016\/05\/P4149086-667x500.jpg 667w\" sizes=\"auto, (max-width: 300px) 100vw, 300px\" \/><\/figure>\n\n\n\n<figure class=\"wp-block-image\"><img loading=\"lazy\" decoding=\"async\" width=\"300\" height=\"200\" src=\"http:\/\/pfi.ftmc.lt\/wp-content\/uploads\/2016\/04\/cropped-slide1-300x200.jpg\" alt=\"cropped-slide1.jpg\" class=\"wp-image-176\" srcset=\"https:\/\/pfi.ftmc.lt\/wp-content\/uploads\/2016\/04\/cropped-slide1-300x200.jpg 300w, https:\/\/pfi.ftmc.lt\/wp-content\/uploads\/2016\/04\/cropped-slide1-1024x682.jpg 1024w, https:\/\/pfi.ftmc.lt\/wp-content\/uploads\/2016\/04\/cropped-slide1-250x166.jpg 250w, https:\/\/pfi.ftmc.lt\/wp-content\/uploads\/2016\/04\/cropped-slide1-550x366.jpg 550w, https:\/\/pfi.ftmc.lt\/wp-content\/uploads\/2016\/04\/cropped-slide1-800x533.jpg 800w, https:\/\/pfi.ftmc.lt\/wp-content\/uploads\/2016\/04\/cropped-slide1-270x180.jpg 270w, https:\/\/pfi.ftmc.lt\/wp-content\/uploads\/2016\/04\/cropped-slide1-451x300.jpg 451w, https:\/\/pfi.ftmc.lt\/wp-content\/uploads\/2016\/04\/cropped-slide1-751x500.jpg 751w, https:\/\/pfi.ftmc.lt\/wp-content\/uploads\/2016\/04\/cropped-slide1.jpg 1920w\" sizes=\"auto, (max-width: 300px) 100vw, 300px\" \/><\/figure>\n","protected":false},"excerpt":{"rendered":"<p>SPM paskirtis: 1) Matuoti \u012fvairi\u0173 pavir\u0161i\u0173 3D topografij\u0105 ir nustatyti pavir\u0161iaus mechanini\u0173, elektrini\u0173 bei magnetini\u0173 savybi\u0173 pasiskirstym\u0105 nanometriniu tikslumu. 2) Manipuliuoti nanoobjektais pavir\u0161iuje. 3) Tirti lokal\u0173 elektrinio lauko ir\/arba mechaninio spaudimo poveik\u012f pavir\u0161iui. 4) Atlikti \u012fvairios prigimties j\u0117g\u0173 (pvz. tarpmolekulini\u0173 ry\u0161i\u0173) spektroskopij\u0105. Matavimai atliekami ore arba skystyje, kambario temperat\u016broje. Matuojami dyd\u017eiai: 3D pavir\u0161iaus topografija, elektrini\u0173&hellip;<\/p>\n<p class=\"more-link-wrapper\"><a class=\"more-link\" href=\"https:\/\/pfi.ftmc.lt\/?page_id=343&#038;lang=lt\">Continue<\/a><\/p>\n","protected":false},"author":6,"featured_media":0,"parent":163,"menu_order":0,"comment_status":"closed","ping_status":"closed","template":"page-templates\/template-fullwidth.php","meta":{"footnotes":""},"class_list":["post-343","page","type-page","status-publish","hentry"],"_links":{"self":[{"href":"https:\/\/pfi.ftmc.lt\/index.php?rest_route=\/wp\/v2\/pages\/343","targetHints":{"allow":["GET"]}}],"collection":[{"href":"https:\/\/pfi.ftmc.lt\/index.php?rest_route=\/wp\/v2\/pages"}],"about":[{"href":"https:\/\/pfi.ftmc.lt\/index.php?rest_route=\/wp\/v2\/types\/page"}],"author":[{"embeddable":true,"href":"https:\/\/pfi.ftmc.lt\/index.php?rest_route=\/wp\/v2\/users\/6"}],"replies":[{"embeddable":true,"href":"https:\/\/pfi.ftmc.lt\/index.php?rest_route=%2Fwp%2Fv2%2Fcomments&post=343"}],"version-history":[{"count":14,"href":"https:\/\/pfi.ftmc.lt\/index.php?rest_route=\/wp\/v2\/pages\/343\/revisions"}],"predecessor-version":[{"id":1091,"href":"https:\/\/pfi.ftmc.lt\/index.php?rest_route=\/wp\/v2\/pages\/343\/revisions\/1091"}],"up":[{"embeddable":true,"href":"https:\/\/pfi.ftmc.lt\/index.php?rest_route=\/wp\/v2\/pages\/163"}],"wp:attachment":[{"href":"https:\/\/pfi.ftmc.lt\/index.php?rest_route=%2Fwp%2Fv2%2Fmedia&parent=343"}],"curies":[{"name":"wp","href":"https:\/\/api.w.org\/{rel}","templated":true}]}}