{"id":80,"date":"2016-04-15T17:59:16","date_gmt":"2016-04-15T17:59:16","guid":{"rendered":"http:\/\/pfi.ftmc.lt\/?page_id=80"},"modified":"2016-05-12T14:06:19","modified_gmt":"2016-05-12T14:06:19","slug":"iranga","status":"publish","type":"page","link":"https:\/\/pfi.ftmc.lt\/?page_id=80&lang=lt","title":{"rendered":"\u012eranga"},"content":{"rendered":"<p><code><div id=\"ccchildpages-1\" class=\"ccchildpages  simple ccclearfix\"><ul class=\"ccchildpages_list ccclearfix\"><li class=\"page_item page-item-1061 page_item_has_children\"><a href=\"https:\/\/pfi.ftmc.lt\/?page_id=1061&#038;lang=lt\">Epitaksija<\/a><\/li>\n<li class=\"page_item page-item-1065 page_item_has_children\"><a href=\"https:\/\/pfi.ftmc.lt\/?page_id=1065&#038;lang=lt\">\u0116sdinimas<\/a><\/li>\n<li class=\"page_item page-item-161 page_item_has_children\"><a href=\"https:\/\/pfi.ftmc.lt\/?page_id=161&#038;lang=lt\">Terminiai procesai<\/a><\/li>\n<li class=\"page_item page-item-163 page_item_has_children\"><a href=\"https:\/\/pfi.ftmc.lt\/?page_id=163&#038;lang=lt\">Charakterizavimas<\/a><\/li>\n<li class=\"page_item page-item-209\"><a href=\"https:\/\/pfi.ftmc.lt\/?page_id=209&#038;lang=lt\">\u0160vari\u0173 patalp\u0173 zona<\/a><\/li>\n<li class=\"page_item page-item-603\"><a href=\"https:\/\/pfi.ftmc.lt\/?page_id=603&#038;lang=lt\">Kita \u012franga<\/a><\/li>\n<li class=\"page_item page-item-338\"><a href=\"https:\/\/pfi.ftmc.lt\/?page_id=338&#038;lang=lt\">Litografija<\/a><\/li>\n<li class=\"page_item page-item-597 page_item_has_children\"><a href=\"https:\/\/pfi.ftmc.lt\/?page_id=597&#038;lang=lt\">Plon\u0173 sluoksni\u0173 nusodinimas<\/a><\/li><\/ul><\/div><\/code><\/p>\n","protected":false},"excerpt":{"rendered":"","protected":false},"author":2,"featured_media":0,"parent":0,"menu_order":0,"comment_status":"closed","ping_status":"closed","template":"page-templates\/template-fullwidth.php","meta":{"footnotes":""},"class_list":["post-80","page","type-page","status-publish","hentry"],"_links":{"self":[{"href":"https:\/\/pfi.ftmc.lt\/index.php?rest_route=\/wp\/v2\/pages\/80","targetHints":{"allow":["GET"]}}],"collection":[{"href":"https:\/\/pfi.ftmc.lt\/index.php?rest_route=\/wp\/v2\/pages"}],"about":[{"href":"https:\/\/pfi.ftmc.lt\/index.php?rest_route=\/wp\/v2\/types\/page"}],"author":[{"embeddable":true,"href":"https:\/\/pfi.ftmc.lt\/index.php?rest_route=\/wp\/v2\/users\/2"}],"replies":[{"embeddable":true,"href":"https:\/\/pfi.ftmc.lt\/index.php?rest_route=%2Fwp%2Fv2%2Fcomments&post=80"}],"version-history":[{"count":4,"href":"https:\/\/pfi.ftmc.lt\/index.php?rest_route=\/wp\/v2\/pages\/80\/revisions"}],"predecessor-version":[{"id":378,"href":"https:\/\/pfi.ftmc.lt\/index.php?rest_route=\/wp\/v2\/pages\/80\/revisions\/378"}],"wp:attachment":[{"href":"https:\/\/pfi.ftmc.lt\/index.php?rest_route=%2Fwp%2Fv2%2Fmedia&parent=80"}],"curies":[{"name":"wp","href":"https:\/\/api.w.org\/{rel}","templated":true}]}}