{"id":856,"date":"2018-11-19T13:41:13","date_gmt":"2018-11-19T13:41:13","guid":{"rendered":"http:\/\/pfi.ftmc.lt\/?page_id=856"},"modified":"2019-05-31T10:43:22","modified_gmt":"2019-05-31T10:43:22","slug":"spartaus-atkaitinimo-krosnis-rtp-1300-2","status":"publish","type":"page","link":"https:\/\/pfi.ftmc.lt\/?page_id=856&lang=lt","title":{"rendered":"Spartaus atkaitinimo krosnis Unitemp RTP-100-HV"},"content":{"rendered":"\n<p><b>Paskirtis:<\/b><\/p>\n\n\n\n<p>Spartaus atkaitinimo krosnis Unitemp RTP-100-HV skirta puslaidininkini\u0173 bandini\u0173 atkaitinimui. Atkaitinimui naudojamos IR lempos (bendra galia 18 kW).<\/p>\n\n\n\n<p><b>Bandinys:<\/b><\/p>\n\n\n\n<p>Maksimalus dydis: 4 coli\u0173 diametro pad\u0117klas.<\/p>\n\n\n\n<p>Storis: iki 1 mm.<\/p>\n\n\n\n<p><span style=\"color: #ff0000;\"><b>Bandini\u0173, turin\u010di\u0173 savo sud\u0117tyje cinko (Zn) atkaitinimas grie\u017etai draud\u017eiamas<\/b><\/span><span style=\"color: #ff0000;\">!<\/span><\/p>\n\n\n\n<p><b>Temperat\u016bros re\u017eimai:<\/b><\/p>\n\n\n\n<p>Maksimali temperat\u016br\u0105: iki 1200 \u00b0C.<\/p>\n\n\n\n<p>Temperat\u016bros augimo sparta: programuojama, maksimali 150 \u00b0C\/sek.<\/p>\n\n\n\n<p><b>Atkaitinimo aplinka:<\/b><\/p>\n\n\n\n<p>Atkaitinimo aplinka (programuojama): vakuumas iki 10E-6 hPa; dujos: N<sub>2<\/sub>, Ar .<\/p>\n","protected":false},"excerpt":{"rendered":"<p>Paskirtis: Spartaus atkaitinimo krosnis Unitemp RTP-100-HV skirta puslaidininkini\u0173 bandini\u0173 atkaitinimui. Atkaitinimui naudojamos IR lempos (bendra galia 18 kW). Bandinys: Maksimalus dydis: 4 coli\u0173 diametro pad\u0117klas. Storis: iki 1 mm. Bandini\u0173, turin\u010di\u0173 savo sud\u0117tyje cinko (Zn) atkaitinimas grie\u017etai draud\u017eiamas! Temperat\u016bros re\u017eimai: Maksimali temperat\u016br\u0105: iki 1200 \u00b0C. Temperat\u016bros augimo sparta: programuojama, maksimali 150 \u00b0C\/sek. Atkaitinimo aplinka: Atkaitinimo&hellip;<\/p>\n<p class=\"more-link-wrapper\"><a class=\"more-link\" href=\"https:\/\/pfi.ftmc.lt\/?page_id=856&#038;lang=lt\">Continue<\/a><\/p>\n","protected":false},"author":2,"featured_media":0,"parent":161,"menu_order":0,"comment_status":"closed","ping_status":"closed","template":"page-templates\/template-fullwidth.php","meta":{"footnotes":""},"class_list":["post-856","page","type-page","status-publish","hentry"],"_links":{"self":[{"href":"https:\/\/pfi.ftmc.lt\/index.php?rest_route=\/wp\/v2\/pages\/856","targetHints":{"allow":["GET"]}}],"collection":[{"href":"https:\/\/pfi.ftmc.lt\/index.php?rest_route=\/wp\/v2\/pages"}],"about":[{"href":"https:\/\/pfi.ftmc.lt\/index.php?rest_route=\/wp\/v2\/types\/page"}],"author":[{"embeddable":true,"href":"https:\/\/pfi.ftmc.lt\/index.php?rest_route=\/wp\/v2\/users\/2"}],"replies":[{"embeddable":true,"href":"https:\/\/pfi.ftmc.lt\/index.php?rest_route=%2Fwp%2Fv2%2Fcomments&post=856"}],"version-history":[{"count":4,"href":"https:\/\/pfi.ftmc.lt\/index.php?rest_route=\/wp\/v2\/pages\/856\/revisions"}],"predecessor-version":[{"id":1100,"href":"https:\/\/pfi.ftmc.lt\/index.php?rest_route=\/wp\/v2\/pages\/856\/revisions\/1100"}],"up":[{"embeddable":true,"href":"https:\/\/pfi.ftmc.lt\/index.php?rest_route=\/wp\/v2\/pages\/161"}],"wp:attachment":[{"href":"https:\/\/pfi.ftmc.lt\/index.php?rest_route=%2Fwp%2Fv2%2Fmedia&parent=856"}],"curies":[{"name":"wp","href":"https:\/\/api.w.org\/{rel}","templated":true}]}}