{"id":877,"date":"2018-11-19T13:58:16","date_gmt":"2018-11-19T13:58:16","guid":{"rendered":"http:\/\/pfi.ftmc.lt\/?page_id=877"},"modified":"2019-05-31T10:48:27","modified_gmt":"2019-05-31T10:48:27","slug":"contacts-2","status":"publish","type":"page","link":"https:\/\/pfi.ftmc.lt\/?page_id=877&lang=lt","title":{"rendered":"U\u017esakymas"},"content":{"rendered":"\n<h2 class=\"wp-block-heading\"><strong>D\u0117l APC \u012frangos paslaug\u0173 ir \u012frangos naudojimo pra\u0161ome u\u017epildyti \u0161i\u0105 form\u0105:<\/strong><\/h2>\n\n\n<div class=\"frm_forms  with_frm_style frm_style_formidable-style\" id=\"frm_form_10_container\" >\n<form enctype=\"multipart\/form-data\" method=\"post\" class=\"frm-show-form \" id=\"form_wzo0z2222\" >\n<div class=\"frm_form_fields \">\n<fieldset>\n<legend class=\"frm_hidden\">PFI U\u017esakymo forma<\/legend>\r\n\r\n<div class=\"frm_fields_container\">\n<input type=\"hidden\" name=\"frm_action\" value=\"create\" \/>\n<input type=\"hidden\" name=\"form_id\" value=\"10\" \/>\n<input type=\"hidden\" name=\"frm_hide_fields_10\" id=\"frm_hide_fields_10\" value=\"\" \/>\n<input type=\"hidden\" name=\"form_key\" value=\"wzo0z2222\" \/>\n<input type=\"hidden\" name=\"item_meta[0]\" value=\"\" \/>\n<input type=\"hidden\" id=\"frm_submit_entry_10\" name=\"frm_submit_entry_10\" value=\"4017158482\" \/><input type=\"hidden\" name=\"_wp_http_referer\" value=\"\/index.php?rest_route=%2Fwp%2Fv2%2Fpages%2F877\" \/><div id=\"frm_field_50_container\" class=\"frm_form_field form-field  frm_required_field frm_top_container\">\r\n    <label for=\"field_bp4zw33\" class=\"frm_primary_label\">U\u017esakovo vardas, pavard\u0117\r\n        <span class=\"frm_required\"><\/span>\r\n    <\/label>\r\n    <input type=\"text\" id=\"field_bp4zw33\" name=\"item_meta[50]\" value=\"\"  data-reqmsg=\"\u0160is laukas negali b\u016bti tus\u010dias\" aria-required=\"true\" data-invmsg=\"U\u017esakan\u010dio asmens vardas\/pavard\u0117 (studento vadovo vardas\/pavard\u0117) is invalid\" aria-invalid=\"false\"  \/>\r\n    \r\n    \r\n<\/div>\n<div id=\"frm_field_51_container\" class=\"frm_form_field form-field  frm_top_container\">\r\n    <label for=\"field_s77ww2\" class=\"frm_primary_label\">Kontaktinis telefonas\r\n        <span class=\"frm_required\"><\/span>\r\n    <\/label>\r\n    <input type=\"tel\" id=\"field_s77ww2\" name=\"item_meta[51]\" value=\"\"  data-invmsg=\"Phone is invalid\" aria-invalid=\"false\" pattern=\"((\\+\\d{1,3}(-|.| )?\\(?\\d\\)?(-| |.)?\\d{1,5})|(\\(?\\d{2,6}\\)?))(-|.| )?(\\d{3,4})(-|.| )?(\\d{4})(( x| ext)\\d{1,5}){0,1}$\"  \/>\r\n    \r\n    \r\n<\/div>\n<div id=\"frm_field_52_container\" class=\"frm_form_field form-field  frm_top_container\">\r\n    <label for=\"field_gzsmt2\" class=\"frm_primary_label\">Elektroninis pa\u0161tas\r\n        <span class=\"frm_required\"><\/span>\r\n    <\/label>\r\n    <input type=\"email\" id=\"field_gzsmt2\" name=\"item_meta[52]\" value=\"\"  data-invmsg=\"Email is invalid\" aria-invalid=\"false\"  \/>\r\n    \r\n    \r\n<\/div>\n<div id=\"frm_field_53_container\" class=\"frm_form_field form-field  frm_required_field frm_top_container\">\r\n    <label for=\"field_wnifd33\" class=\"frm_primary_label\">\u012estaigos pavadinimas\r\n        <span class=\"frm_required\"><\/span>\r\n    <\/label>\r\n    <input type=\"text\" id=\"field_wnifd33\" name=\"item_meta[53]\" value=\"\"  data-reqmsg=\"\u0160is laukas negali b\u016bti tus\u010dias\" aria-required=\"true\" data-invmsg=\"Fakultetas\/katedra is invalid\" aria-invalid=\"false\"  \/>\r\n    \r\n    \r\n<\/div>\n<div id=\"frm_field_54_container\" class=\"frm_form_field form-field  frm_required_field frm_top_container\">\r\n    <label for=\"field_iugw33\" class=\"frm_primary_label\">U\u017esakymo tekstas\r\n        <span class=\"frm_required\"><\/span>\r\n    <\/label>\r\n    <textarea name=\"item_meta[54]\" id=\"field_iugw33\" rows=\"5\"  data-reqmsg=\"\u0160is laukas negali b\u016bti tus\u010dias\" aria-required=\"true\" data-invmsg=\"U\u017esakymo tekstas is invalid\" aria-invalid=\"false\"   aria-describedby=\"frm_desc_field_iugw33\"><\/textarea>\r\n    <div id=\"frm_desc_field_iugw33\" class=\"frm_description\">Pra\u0161ome detaliai nurodyti u\u017esakymo tiksl\u0105 ir u\u017eduotis<\/div>\r\n    \r\n<\/div>\n\t<input type=\"hidden\" name=\"item_key\" value=\"\" \/>\n\t<div class=\"frm_submit\">\r\n\r\n<input type=\"submit\" value=\"Submit\"  \/>\r\n<img decoding=\"async\" class=\"frm_ajax_loading\" src=\"https:\/\/pfi.ftmc.lt\/wp-content\/plugins\/formidable\/images\/ajax_loader.gif\" alt=\"Sending\"\/>\r\n\r\n<\/div><\/div>\n<\/fieldset>\n<\/div>\n\n<p style=\"display: none !important;\" class=\"akismet-fields-container\" data-prefix=\"ak_\"><label>&#916;<textarea name=\"ak_hp_textarea\" cols=\"45\" rows=\"8\" maxlength=\"100\"><\/textarea><\/label><input type=\"hidden\" id=\"ak_js_1\" name=\"ak_js\" value=\"243\"\/><script>document.getElementById( \"ak_js_1\" ).setAttribute( \"value\", ( new Date() ).getTime() );<\/script><\/p><\/form>\n<\/div>\n\n","protected":false},"excerpt":{"rendered":"<p>D\u0117l APC \u012frangos paslaug\u0173 ir \u012frangos naudojimo pra\u0161ome u\u017epildyti \u0161i\u0105 form\u0105:<\/p>\n","protected":false},"author":2,"featured_media":0,"parent":0,"menu_order":0,"comment_status":"closed","ping_status":"closed","template":"page-templates\/template-fullwidth.php","meta":{"footnotes":""},"class_list":["post-877","page","type-page","status-publish","hentry"],"_links":{"self":[{"href":"https:\/\/pfi.ftmc.lt\/index.php?rest_route=\/wp\/v2\/pages\/877","targetHints":{"allow":["GET"]}}],"collection":[{"href":"https:\/\/pfi.ftmc.lt\/index.php?rest_route=\/wp\/v2\/pages"}],"about":[{"href":"https:\/\/pfi.ftmc.lt\/index.php?rest_route=\/wp\/v2\/types\/page"}],"author":[{"embeddable":true,"href":"https:\/\/pfi.ftmc.lt\/index.php?rest_route=\/wp\/v2\/users\/2"}],"replies":[{"embeddable":true,"href":"https:\/\/pfi.ftmc.lt\/index.php?rest_route=%2Fwp%2Fv2%2Fcomments&post=877"}],"version-history":[{"count":5,"href":"https:\/\/pfi.ftmc.lt\/index.php?rest_route=\/wp\/v2\/pages\/877\/revisions"}],"predecessor-version":[{"id":1083,"href":"https:\/\/pfi.ftmc.lt\/index.php?rest_route=\/wp\/v2\/pages\/877\/revisions\/1083"}],"wp:attachment":[{"href":"https:\/\/pfi.ftmc.lt\/index.php?rest_route=%2Fwp%2Fv2%2Fmedia&parent=877"}],"curies":[{"name":"wp","href":"https:\/\/api.w.org\/{rel}","templated":true}]}}