{"id":881,"date":"2018-11-19T14:03:35","date_gmt":"2018-11-19T14:03:35","guid":{"rendered":"http:\/\/pfi.ftmc.lt\/?page_id=881"},"modified":"2022-05-26T07:29:19","modified_gmt":"2022-05-26T07:29:19","slug":"paslaugos","status":"publish","type":"page","link":"https:\/\/pfi.ftmc.lt\/?page_id=881&lang=lt","title":{"rendered":"Paslaugos"},"content":{"rendered":"\n<h2 class=\"wp-block-heading\"><strong>Atviros prieigos centras &#8220;Prototip\u0173 formavimas ir integravimas&#8221; (PFI) teikia \u0161ias paslaugas:<\/strong><\/h2>\n\n\n\n<ul class=\"wp-block-list\"><li>Prieigos prie technologin\u0117s ir matavim\u0173 \u012frang\u0173<\/li><li>Plon\u0173 sluoksni\u0173 nusodinimas.<\/li><li>Terminis apdorojimas.<\/li><li>Apdorojimas plazma.<\/li><li>Dang\u0173 charakterizavimas.<\/li><li>Puslaidininkini\u0173 pad\u0117kl\u0173 paruo\u0161imas.<\/li><li>Litografija.<\/li><li>Elektronikos komponent\u0173 surinkimas ir testavimas.<\/li><li>A3B5 epitaksini\u0173 sluoksni\u0173 auginimo molekulini\u0173 pluo\u0161teli\u0173 epitaksija (MBE).<\/li><\/ul>\n\n\n\n<p>Norint detaliau su\u017einoti apie teikiamas paslaugas ar u\u017esakyti konre\u010di\u0105 paslaug\u0105 pra\u0161ome u\u017epildyti \u0161i\u0105 <a href=\"http:\/\/pfi.ftmc.lt\/?page_id=877&amp;lang=lt\">form\u0105<\/a>.<\/p>\n","protected":false},"excerpt":{"rendered":"<p>Atviros prieigos centras &#8220;Prototip\u0173 formavimas ir integravimas&#8221; (PFI) teikia \u0161ias paslaugas: Prieigos prie technologin\u0117s ir matavim\u0173 \u012frang\u0173 Plon\u0173 sluoksni\u0173 nusodinimas. Terminis apdorojimas. Apdorojimas plazma. Dang\u0173 charakterizavimas. Puslaidininkini\u0173 pad\u0117kl\u0173 paruo\u0161imas. Litografija. Elektronikos komponent\u0173 surinkimas ir testavimas. A3B5 epitaksini\u0173 sluoksni\u0173 auginimo molekulini\u0173 pluo\u0161teli\u0173 epitaksija (MBE). Norint detaliau su\u017einoti apie teikiamas paslaugas ar u\u017esakyti konre\u010di\u0105 paslaug\u0105 pra\u0161ome u\u017epildyti&hellip;<\/p>\n<p class=\"more-link-wrapper\"><a class=\"more-link\" href=\"https:\/\/pfi.ftmc.lt\/?page_id=881&#038;lang=lt\">Continue<\/a><\/p>\n","protected":false},"author":2,"featured_media":0,"parent":0,"menu_order":0,"comment_status":"closed","ping_status":"closed","template":"page-templates\/template-fullwidth.php","meta":{"footnotes":""},"class_list":["post-881","page","type-page","status-publish","hentry"],"_links":{"self":[{"href":"https:\/\/pfi.ftmc.lt\/index.php?rest_route=\/wp\/v2\/pages\/881","targetHints":{"allow":["GET"]}}],"collection":[{"href":"https:\/\/pfi.ftmc.lt\/index.php?rest_route=\/wp\/v2\/pages"}],"about":[{"href":"https:\/\/pfi.ftmc.lt\/index.php?rest_route=\/wp\/v2\/types\/page"}],"author":[{"embeddable":true,"href":"https:\/\/pfi.ftmc.lt\/index.php?rest_route=\/wp\/v2\/users\/2"}],"replies":[{"embeddable":true,"href":"https:\/\/pfi.ftmc.lt\/index.php?rest_route=%2Fwp%2Fv2%2Fcomments&post=881"}],"version-history":[{"count":4,"href":"https:\/\/pfi.ftmc.lt\/index.php?rest_route=\/wp\/v2\/pages\/881\/revisions"}],"predecessor-version":[{"id":1085,"href":"https:\/\/pfi.ftmc.lt\/index.php?rest_route=\/wp\/v2\/pages\/881\/revisions\/1085"}],"wp:attachment":[{"href":"https:\/\/pfi.ftmc.lt\/index.php?rest_route=%2Fwp%2Fv2%2Fmedia&parent=881"}],"curies":[{"name":"wp","href":"https:\/\/api.w.org\/{rel}","templated":true}]}}